{"id":89,"date":"2026-03-02T08:04:51","date_gmt":"2026-03-02T08:04:51","guid":{"rendered":"https:\/\/biabalance.hu\/?page_id=89"},"modified":"2026-03-13T14:03:40","modified_gmt":"2026-03-13T13:03:40","slug":"kezdolap","status":"publish","type":"page","link":"https:\/\/biabalance.hu\/","title":{"rendered":"Kezd\u0151lap"},"content":{"rendered":"","protected":false},"excerpt":{"rendered":"","protected":false},"author":1,"featured_media":133,"parent":0,"menu_order":0,"comment_status":"closed","ping_status":"closed","template":"","meta":{"_acf_changed":false,"_seopress_robots_primary_cat":"","_seopress_titles_title":"Professzion\u00e1lis manu\u00e1lter\u00e1pia \u00e9s gy\u00f3gytorna a XI. ker\u00fcletben - BiaBalance","_seopress_titles_desc":"F\u00e1jdalomcs\u00f6kkent\u00e9s, funkci\u00f3jav\u00edt\u00e1s \u00e9s biztons\u00e1gos visszat\u00e9r\u00e9s a mozg\u00e1shoz. Manu\u00e1lter\u00e1pia, gy\u00f3gytorna, kinezol\u00f3giai tape ragaszt\u00e1s a XI. ker\u00fcletben.","_seopress_robots_index":"","footnotes":""},"class_list":["post-89","page","type-page","status-publish","has-post-thumbnail","hentry"],"acf":[],"_links":{"self":[{"href":"https:\/\/biabalance.hu\/index.php\/wp-json\/wp\/v2\/pages\/89","targetHints":{"allow":["GET"]}}],"collection":[{"href":"https:\/\/biabalance.hu\/index.php\/wp-json\/wp\/v2\/pages"}],"about":[{"href":"https:\/\/biabalance.hu\/index.php\/wp-json\/wp\/v2\/types\/page"}],"author":[{"embeddable":true,"href":"https:\/\/biabalance.hu\/index.php\/wp-json\/wp\/v2\/users\/1"}],"replies":[{"embeddable":true,"href":"https:\/\/biabalance.hu\/index.php\/wp-json\/wp\/v2\/comments?post=89"}],"version-history":[{"count":27,"href":"https:\/\/biabalance.hu\/index.php\/wp-json\/wp\/v2\/pages\/89\/revisions"}],"predecessor-version":[{"id":193,"href":"https:\/\/biabalance.hu\/index.php\/wp-json\/wp\/v2\/pages\/89\/revisions\/193"}],"wp:featuredmedia":[{"embeddable":true,"href":"https:\/\/biabalance.hu\/index.php\/wp-json\/wp\/v2\/media\/133"}],"wp:attachment":[{"href":"https:\/\/biabalance.hu\/index.php\/wp-json\/wp\/v2\/media?parent=89"}],"curies":[{"name":"wp","href":"https:\/\/api.w.org\/{rel}","templated":true}]}}