{"id":183,"date":"2026-03-22T19:02:17","date_gmt":"2026-03-22T18:02:17","guid":{"rendered":"https:\/\/biabalance.hu\/?page_id=183"},"modified":"2026-03-22T19:02:17","modified_gmt":"2026-03-22T18:02:17","slug":"hazirend","status":"publish","type":"page","link":"https:\/\/biabalance.hu\/index.php\/hazirend\/","title":{"rendered":"H\u00e1zirend"},"content":{"rendered":"\n<p>1. A kezel\u00e9seken val\u00f3 r\u00e9szv\u00e9tel el\u0151zetes id\u0151pont egyeztet\u00e9shez \u00e9s bejelentkez\u00e9shez k\u00f6t\u00f6tt. <\/p>\n\n\n\n<p>2. A kezel\u00e9s lemond\u00e1s\u00e1ra az id\u0151pont el\u0151tt minimum 24 \u00f3r\u00e1val van lehet\u0151s\u00e9g, egy\u00e9b esetben k\u00e9szenl\u00e9ti d\u00edjat kell felsz\u00e1molnom. <\/p>\n\n\n\n<p>3. Id\u0151pont lemond\u00e1sra h\u00e9tk\u00f6znap telefonon \u00e9s \u00edr\u00e1sban, h\u00e9tv\u00e9g\u00e9n csak \u00edr\u00e1sban van lehet\u0151s\u00e9g. <\/p>\n\n\n\n<p>4. A kezel\u00e9sre az id\u0151pont el\u0151tt maximum 10 perccel \u00e9rkezz! <\/p>\n\n\n\n<p>5. A kezel\u00e9sekre k\u00e9rlek csak akkor gyere el, ha mozg\u00e1sszervi panaszaidon k\u00edv\u00fcl t\u00fcnetmentes vagy, nincs egy\u00e9b fels\u0151 l\u00e9g\u00fati vagy belgy\u00f3gy\u00e1szati panaszod! <\/p>\n\n\n\n<p>6. A szolg\u00e1ltat\u00e1sokat minden p\u00e1ciens saj\u00e1t felel\u0151ss\u00e9g\u00e9re veszi ig\u00e9nybe. <\/p>\n\n\n\n<p>7. A rendel\u0151 eg\u00e9sz ter\u00fclet\u00e9n, valamint a l\u00e9pcs\u0151h\u00e1zban k\u00e9rlek, hogy hangos besz\u00e9ddel, telefon\u00e1l\u00e1ssal ne zavard a kezel\u00e9seket, illetve az \u00e9p\u00fclet lak\u00f3it!<\/p>\n","protected":false},"excerpt":{"rendered":"<p>1. A kezel\u00e9seken val\u00f3 r\u00e9szv\u00e9tel el\u0151zetes id\u0151pont egyeztet\u00e9shez \u00e9s bejelentkez\u00e9shez k\u00f6t\u00f6tt. 2. A kezel\u00e9s lemond\u00e1s\u00e1ra az id\u0151pont el\u0151tt minimum 24 \u00f3r\u00e1val van lehet\u0151s\u00e9g, egy\u00e9b esetben k\u00e9szenl\u00e9ti d\u00edjat kell felsz\u00e1molnom. 3. Id\u0151pont lemond\u00e1sra h\u00e9tk\u00f6znap telefonon \u00e9s \u00edr\u00e1sban, h\u00e9tv\u00e9g\u00e9n csak \u00edr\u00e1sban van lehet\u0151s\u00e9g. 4. A kezel\u00e9sre az id\u0151pont el\u0151tt maximum 10 perccel \u00e9rkezz! 5. A kezel\u00e9sekre k\u00e9rlek [&hellip;]<\/p>\n","protected":false},"author":1,"featured_media":0,"parent":0,"menu_order":0,"comment_status":"closed","ping_status":"closed","template":"","meta":{"_acf_changed":false,"_seopress_robots_primary_cat":"","_seopress_titles_title":"","_seopress_titles_desc":"","_seopress_robots_index":"","footnotes":""},"class_list":["post-183","page","type-page","status-publish","hentry"],"acf":[],"_links":{"self":[{"href":"https:\/\/biabalance.hu\/index.php\/wp-json\/wp\/v2\/pages\/183","targetHints":{"allow":["GET"]}}],"collection":[{"href":"https:\/\/biabalance.hu\/index.php\/wp-json\/wp\/v2\/pages"}],"about":[{"href":"https:\/\/biabalance.hu\/index.php\/wp-json\/wp\/v2\/types\/page"}],"author":[{"embeddable":true,"href":"https:\/\/biabalance.hu\/index.php\/wp-json\/wp\/v2\/users\/1"}],"replies":[{"embeddable":true,"href":"https:\/\/biabalance.hu\/index.php\/wp-json\/wp\/v2\/comments?post=183"}],"version-history":[{"count":1,"href":"https:\/\/biabalance.hu\/index.php\/wp-json\/wp\/v2\/pages\/183\/revisions"}],"predecessor-version":[{"id":186,"href":"https:\/\/biabalance.hu\/index.php\/wp-json\/wp\/v2\/pages\/183\/revisions\/186"}],"wp:attachment":[{"href":"https:\/\/biabalance.hu\/index.php\/wp-json\/wp\/v2\/media?parent=183"}],"curies":[{"name":"wp","href":"https:\/\/api.w.org\/{rel}","templated":true}]}}